{"id":3550,"date":"2017-08-04T08:14:49","date_gmt":"2017-08-04T06:14:49","guid":{"rendered":"https:\/\/www.lamiroc.se\/design\/"},"modified":"2025-04-03T20:18:00","modified_gmt":"2025-04-03T18:18:00","slug":"design","status":"publish","type":"page","link":"https:\/\/www.lamiroc.se\/no\/design\/","title":{"rendered":"Design"},"content":{"rendered":"\t\t<div data-elementor-type=\"wp-post\" data-elementor-id=\"3550\" class=\"elementor elementor-3550 elementor-27 elementor-bc-flex-widget\" data-elementor-post-type=\"page\">\n\t\t\t\t\t\t<section class=\"has_ae_slider elementor-section elementor-top-section elementor-element elementor-element-dejanrh elementor-section-boxed elementor-section-height-default elementor-section-height-default ae-bg-gallery-type-default\" data-id=\"dejanrh\" data-element_type=\"section\" data-e-type=\"section\">\n\t\t\t\t\t\t<div class=\"elementor-container elementor-column-gap-wide\">\n\t\t\t\t\t<div class=\"has_ae_slider elementor-column elementor-col-100 elementor-top-column elementor-element elementor-element-qxwarlo ae-bg-gallery-type-default\" data-id=\"qxwarlo\" data-element_type=\"column\" data-e-type=\"column\">\n\t\t\t<div class=\"elementor-widget-wrap elementor-element-populated\">\n\t\t\t\t\t\t<div class=\"elementor-element elementor-element-gprjzbr elementor-widget elementor-widget-heading\" data-id=\"gprjzbr\" data-element_type=\"widget\" data-e-type=\"widget\" data-widget_type=\"heading.default\">\n\t\t\t\t<div class=\"elementor-widget-container\">\n\t\t\t\t\t<h1 class=\"elementor-heading-title elementor-size-default\">Design med laminat<\/h1>\t\t\t\t<\/div>\n\t\t\t\t<\/div>\n\t\t\t\t<div class=\"elementor-element elementor-element-ktxpqzl elementor-widget elementor-widget-text-editor\" data-id=\"ktxpqzl\" data-element_type=\"widget\" data-e-type=\"widget\" data-widget_type=\"text-editor.default\">\n\t\t\t\t<div class=\"elementor-widget-container\">\n\t\t\t\t\t\t\t\t\t<p>Ved hjelp av moderne digital trykkteknologi og kreativiteten til kundene v\u00e5re overf\u00f8rer vi farger, bilder, tekst og m\u00f8nster til laminatet v\u00e5rt. Finn ut mer om v\u00e5re <a href=\"https:\/\/www.lamiroc.se\/design\/farger-och-monster\/\">farger og m\u00f8nstre<\/a> eller <a href=\"https:\/\/www.lamiroc.se\/design\/grafisk-laminat\/\">grafisk laminat<\/a><\/p>\t\t\t\t\t\t\t\t<\/div>\n\t\t\t\t<\/div>\n\t\t\t\t\t<\/div>\n\t\t<\/div>\n\t\t\t\t\t<\/div>\n\t\t<\/section>\n\t\t\t\t<section class=\"has_ae_slider elementor-section elementor-top-section elementor-element elementor-element-8c07tft elementor-section-boxed elementor-section-height-default elementor-section-height-default ae-bg-gallery-type-default\" data-id=\"8c07tft\" data-element_type=\"section\" data-e-type=\"section\">\n\t\t\t\t\t\t<div class=\"elementor-container elementor-column-gap-wide\">\n\t\t\t\t\t<div class=\"has_ae_slider elementor-column elementor-col-100 elementor-top-column elementor-element elementor-element-utv1hel ae-bg-gallery-type-default\" data-id=\"utv1hel\" data-element_type=\"column\" data-e-type=\"column\">\n\t\t\t<div class=\"elementor-widget-wrap elementor-element-populated\">\n\t\t\t\t\t\t<div class=\"elementor-element elementor-element-qzt5vh7 elementor-widget elementor-widget-image\" data-id=\"qzt5vh7\" data-element_type=\"widget\" data-e-type=\"widget\" data-widget_type=\"image.default\">\n\t\t\t\t<div class=\"elementor-widget-container\">\n\t\t\t\t\t\t\t\t\t\t\t\t\t\t\t<img fetchpriority=\"high\" decoding=\"async\" width=\"800\" height=\"426\" src=\"https:\/\/www.lamiroc.se\/wp-content\/uploads\/2017\/09\/Lamiroc-fargprover-pa-laminat-1920x1022.jpg\" class=\"attachment-large size-large wp-image-3226\" alt=\"\" srcset=\"https:\/\/www.lamiroc.se\/wp-content\/uploads\/2017\/09\/Lamiroc-fargprover-pa-laminat.jpg 1920w, https:\/\/www.lamiroc.se\/wp-content\/uploads\/2017\/09\/Lamiroc-fargprover-pa-laminat-300x160.jpg 300w, https:\/\/www.lamiroc.se\/wp-content\/uploads\/2017\/09\/Lamiroc-fargprover-pa-laminat-768x409.jpg 768w\" sizes=\"(max-width: 800px) 100vw, 800px\" \/>\t\t\t\t\t\t\t\t\t\t\t\t\t\t\t<\/div>\n\t\t\t\t<\/div>\n\t\t\t\t\t<\/div>\n\t\t<\/div>\n\t\t\t\t\t<\/div>\n\t\t<\/section>\n\t\t\t\t<\/div>\n\t\t","protected":false},"excerpt":{"rendered":"<p>Design med laminat Ved hjelp av moderne digital trykkteknologi og kreativiteten til kundene v\u00e5re overf\u00f8rer vi farger, bilder, tekst og m\u00f8nster til laminatet v\u00e5rt. Finn ut mer om v\u00e5re farger og m\u00f8nstre eller grafisk laminat<\/p>\n","protected":false},"author":10,"featured_media":0,"parent":0,"menu_order":0,"comment_status":"closed","ping_status":"closed","template":"","meta":{"_acf_changed":false,"footnotes":""},"class_list":["post-3550","page","type-page","status-publish","hentry"],"acf":[],"_links":{"self":[{"href":"https:\/\/www.lamiroc.se\/no\/wp-json\/wp\/v2\/pages\/3550","targetHints":{"allow":["GET"]}}],"collection":[{"href":"https:\/\/www.lamiroc.se\/no\/wp-json\/wp\/v2\/pages"}],"about":[{"href":"https:\/\/www.lamiroc.se\/no\/wp-json\/wp\/v2\/types\/page"}],"author":[{"embeddable":true,"href":"https:\/\/www.lamiroc.se\/no\/wp-json\/wp\/v2\/users\/10"}],"replies":[{"embeddable":true,"href":"https:\/\/www.lamiroc.se\/no\/wp-json\/wp\/v2\/comments?post=3550"}],"version-history":[{"count":0,"href":"https:\/\/www.lamiroc.se\/no\/wp-json\/wp\/v2\/pages\/3550\/revisions"}],"wp:attachment":[{"href":"https:\/\/www.lamiroc.se\/no\/wp-json\/wp\/v2\/media?parent=3550"}],"curies":[{"name":"wp","href":"https:\/\/api.w.org\/{rel}","templated":true}]}}