{"id":3589,"date":"2017-08-04T08:17:05","date_gmt":"2017-08-04T06:17:05","guid":{"rendered":"https:\/\/www.lamiroc.se\/om-oss\/"},"modified":"2026-04-24T15:12:33","modified_gmt":"2026-04-24T13:12:33","slug":"om-oss","status":"publish","type":"page","link":"https:\/\/www.lamiroc.se\/no\/om-oss\/","title":{"rendered":"Om oss"},"content":{"rendered":"\t\t<div data-elementor-type=\"wp-post\" data-elementor-id=\"3589\" class=\"elementor elementor-3589 elementor-29\" data-elementor-post-type=\"page\">\n\t\t\t\t\t\t<section class=\"has_ae_slider elementor-section elementor-top-section elementor-element elementor-element-nuvjseh elementor-section-height-min-height elementor-section-boxed elementor-section-height-default elementor-section-items-middle ae-bg-gallery-type-default\" data-id=\"nuvjseh\" data-element_type=\"section\" data-e-type=\"section\" data-settings=\"{&quot;background_background&quot;:&quot;classic&quot;}\">\n\t\t\t\t\t\t<div class=\"elementor-container elementor-column-gap-wide\">\n\t\t\t\t\t<div class=\"has_ae_slider elementor-column elementor-col-100 elementor-top-column elementor-element elementor-element-0833d19 ae-bg-gallery-type-default\" data-id=\"0833d19\" data-element_type=\"column\" data-e-type=\"column\">\n\t\t\t<div class=\"elementor-widget-wrap\">\n\t\t\t\t\t\t\t<\/div>\n\t\t<\/div>\n\t\t\t\t\t<\/div>\n\t\t<\/section>\n\t\t\t\t<section class=\"has_ae_slider elementor-section elementor-top-section elementor-element elementor-element-1a4c40b elementor-section-boxed elementor-section-height-default elementor-section-height-default ae-bg-gallery-type-default\" data-id=\"1a4c40b\" data-element_type=\"section\" data-e-type=\"section\">\n\t\t\t\t\t\t<div class=\"elementor-container elementor-column-gap-wide\">\n\t\t\t\t\t<div class=\"has_ae_slider elementor-column elementor-col-100 elementor-top-column elementor-element elementor-element-5b8bcc5 ae-bg-gallery-type-default\" data-id=\"5b8bcc5\" data-element_type=\"column\" data-e-type=\"column\">\n\t\t\t<div class=\"elementor-widget-wrap elementor-element-populated\">\n\t\t\t\t\t\t<div class=\"elementor-element elementor-element-5726dc2 elementor-widget elementor-widget-heading\" data-id=\"5726dc2\" data-element_type=\"widget\" data-e-type=\"widget\" data-widget_type=\"heading.default\">\n\t\t\t\t<div class=\"elementor-widget-container\">\n\t\t\t\t\t<h1 class=\"elementor-heading-title elementor-size-default\">Produksjon siden 1953<\/h1>\t\t\t\t<\/div>\n\t\t\t\t<\/div>\n\t\t\t\t<div class=\"elementor-element elementor-element-4530249 elementor-widget elementor-widget-text-editor\" data-id=\"4530249\" data-element_type=\"widget\" data-e-type=\"widget\" data-widget_type=\"text-editor.default\">\n\t\t\t\t<div class=\"elementor-widget-container\">\n\t\t\t\t\t\t\t\t\t<p>Vi har produsert h\u00f8ytrykkslaminater i Nordmaling siden 1953. Vi er en bedrift med stor kunnskap, kapasitet og vilje! Vi streber alltid etter \u00e5 gj\u00f8re v\u00e5rt beste og \u00e5 alltid forbedre oss. Hos oss er kunden i fokus og vi brenner for \u00e5 gi alle v\u00e5re kunder best mulig service. Hos oss er du alltid velkommen.    <\/p>\t\t\t\t\t\t\t\t<\/div>\n\t\t\t\t<\/div>\n\t\t\t\t<div class=\"elementor-element elementor-element-5febde9 elementor-widget elementor-widget-image\" data-id=\"5febde9\" data-element_type=\"widget\" data-e-type=\"widget\" data-widget_type=\"image.default\">\n\t\t\t\t<div class=\"elementor-widget-container\">\n\t\t\t\t\t\t\t\t\t\t\t\t\t\t\t<img fetchpriority=\"high\" decoding=\"async\" width=\"300\" height=\"300\" src=\"https:\/\/www.lamiroc.se\/wp-content\/uploads\/2017\/08\/symbol-300x300.jpg\" class=\"attachment-medium size-medium wp-image-3155\" alt=\"\" srcset=\"https:\/\/www.lamiroc.se\/wp-content\/uploads\/2017\/08\/symbol-300x300.jpg 300w, https:\/\/www.lamiroc.se\/wp-content\/uploads\/2017\/08\/symbol-150x150.jpg 150w, https:\/\/www.lamiroc.se\/wp-content\/uploads\/2017\/08\/symbol-768x768.jpg 768w, https:\/\/www.lamiroc.se\/wp-content\/uploads\/2017\/08\/symbol-1024x1024.jpg 1024w, https:\/\/www.lamiroc.se\/wp-content\/uploads\/2017\/08\/symbol.jpg 1080w\" sizes=\"(max-width: 300px) 100vw, 300px\" \/>\t\t\t\t\t\t\t\t\t\t\t\t\t\t\t<\/div>\n\t\t\t\t<\/div>\n\t\t\t\t\t<\/div>\n\t\t<\/div>\n\t\t\t\t\t<\/div>\n\t\t<\/section>\n\t\t\t\t<section class=\"has_ae_slider elementor-section elementor-top-section elementor-element elementor-element-elgtpel elementor-section-boxed elementor-section-height-default elementor-section-height-default ae-bg-gallery-type-default\" data-id=\"elgtpel\" data-element_type=\"section\" data-e-type=\"section\">\n\t\t\t\t\t\t<div class=\"elementor-container elementor-column-gap-wide\">\n\t\t\t\t\t<div class=\"has_ae_slider elementor-column elementor-col-100 elementor-top-column elementor-element elementor-element-wvtftgd ae-bg-gallery-type-default\" data-id=\"wvtftgd\" data-element_type=\"column\" data-e-type=\"column\">\n\t\t\t<div class=\"elementor-widget-wrap elementor-element-populated\">\n\t\t\t\t\t\t<div class=\"elementor-element elementor-element-vkgslbx elementor-widget elementor-widget-heading\" data-id=\"vkgslbx\" data-element_type=\"widget\" data-e-type=\"widget\" data-widget_type=\"heading.default\">\n\t\t\t\t<div class=\"elementor-widget-container\">\n\t\t\t\t\t<h2 class=\"elementor-heading-title elementor-size-default\">V\u00e5r visjon<\/h2>\t\t\t\t<\/div>\n\t\t\t\t<\/div>\n\t\t\t\t<div class=\"elementor-element elementor-element-pfkglgz elementor-widget elementor-widget-text-editor\" data-id=\"pfkglgz\" data-element_type=\"widget\" data-e-type=\"widget\" data-widget_type=\"text-editor.default\">\n\t\t\t\t<div class=\"elementor-widget-container\">\n\t\t\t\t\t\t\t\t\t<p>Vi hjelper kundene v\u00e5re med \u00e5 realisere ideene og tankene de har om prosjektene sine. Sammen med deg lager vi tegninger og produserer deretter komponentene i henhold til dine \u00f8nsker. Etter produksjonen kan vi ogs\u00e5 tilby montering. Takket v\u00e6re v\u00e5r unike fleksibilitet kan vi ogs\u00e5 gj\u00f8re endringer og justeringer underveis, og vi er alltid tilgjengelige for kundene v\u00e5re hvis de har sp\u00f8rsm\u00e5l. V\u00e5rt konsept er \u00e5 alltid v\u00e6re der og f\u00f8lge kundenes prosjekter som en hjelpende h\u00e5nd helt til produktet er ferdig montert og klart.    <\/p>\t\t\t\t\t\t\t\t<\/div>\n\t\t\t\t<\/div>\n\t\t\t\t<div class=\"elementor-element elementor-element-ntowwf6 elementor-widget elementor-widget-text-editor\" data-id=\"ntowwf6\" data-element_type=\"widget\" data-e-type=\"widget\" data-widget_type=\"text-editor.default\">\n\t\t\t\t<div class=\"elementor-widget-container\">\n\t\t\t\t\t\t\t\t\t<p>\u00c9n kontakt, \u00e9n l\u00f8sning med kunden i fokus!<\/p>\t\t\t\t\t\t\t\t<\/div>\n\t\t\t\t<\/div>\n\t\t\t\t<div class=\"elementor-element elementor-element-ykcqbwx elementor-widget elementor-widget-heading\" data-id=\"ykcqbwx\" data-element_type=\"widget\" data-e-type=\"widget\" data-widget_type=\"heading.default\">\n\t\t\t\t<div class=\"elementor-widget-container\">\n\t\t\t\t\t<h2 class=\"elementor-heading-title elementor-size-default\">Personell<\/h2>\t\t\t\t<\/div>\n\t\t\t\t<\/div>\n\t\t\t\t<div class=\"elementor-element elementor-element-pzofxrl elementor-widget elementor-widget-text-editor\" data-id=\"pzofxrl\" data-element_type=\"widget\" data-e-type=\"widget\" data-widget_type=\"text-editor.default\">\n\t\t\t\t<div class=\"elementor-widget-container\">\n\t\t\t\t\t\t\t\t\t<p>Som et lite selskap er vi stolte av \u00e5 kunne si at vi best\u00e5r av et sterkt team. Vi brenner for det vi gj\u00f8r, og vi streber alltid etter \u00e5 finne nye m\u00e5ter \u00e5 utvikle og forbedre oss p\u00e5, samtidig som vi aldri gir slipp p\u00e5 yrkesstoltheten. <\/p>\t\t\t\t\t\t\t\t<\/div>\n\t\t\t\t<\/div>\n\t\t\t\t<div class=\"elementor-element elementor-element-i91qgi5 elementor-widget elementor-widget-text-editor\" data-id=\"i91qgi5\" data-element_type=\"widget\" data-e-type=\"widget\" data-widget_type=\"text-editor.default\">\n\t\t\t\t<div class=\"elementor-widget-container\">\n\t\t\t\t\t\t\t\t\t<p>Takket v\u00e6re v\u00e5rt sterke og fokuserte team er vi i stand til \u00e5 levere med stor kapasitet og fleksibilitet, og vi ser positivt p\u00e5 alle utfordringer!<\/p>\t\t\t\t\t\t\t\t<\/div>\n\t\t\t\t<\/div>\n\t\t\t\t\t<\/div>\n\t\t<\/div>\n\t\t\t\t\t<\/div>\n\t\t<\/section>\n\t\t\t\t<section class=\"has_ae_slider elementor-section elementor-top-section elementor-element elementor-element-9c8cb73 elementor-section-boxed elementor-section-height-default elementor-section-height-default ae-bg-gallery-type-default\" data-id=\"9c8cb73\" data-element_type=\"section\" data-e-type=\"section\">\n\t\t\t\t\t\t<div class=\"elementor-container elementor-column-gap-default\">\n\t\t\t\t\t<div class=\"has_ae_slider elementor-column elementor-col-100 elementor-top-column elementor-element elementor-element-848f551 ae-bg-gallery-type-default\" data-id=\"848f551\" data-element_type=\"column\" data-e-type=\"column\">\n\t\t\t<div class=\"elementor-widget-wrap elementor-element-populated\">\n\t\t\t\t\t\t<div class=\"elementor-element elementor-element-2197892 elementor-widget elementor-widget-text-editor\" data-id=\"2197892\" data-element_type=\"widget\" data-e-type=\"widget\" data-widget_type=\"text-editor.default\">\n\t\t\t\t<div class=\"elementor-widget-container\">\n\t\t\t\t\t\t\t\t\t<p><strong>Salg \/ CEO<br><\/strong>Fredric \u00c5kerblom<br><a href=\"mailto:fredric@lamiroc.se\">fredric@lamiroc.se<\/a><br>070-640 48 99<\/p><p>Fakturaadresse<br><a href=\"mailto:faktura@lamiroc.se\">faktura@lamiroc.se<\/a><\/p>\t\t\t\t\t\t\t\t<\/div>\n\t\t\t\t<\/div>\n\t\t\t\t\t<\/div>\n\t\t<\/div>\n\t\t\t\t\t<\/div>\n\t\t<\/section>\n\t\t\t\t<\/div>\n\t\t","protected":false},"excerpt":{"rendered":"<p>Produksjon siden 1953 Vi har produsert h\u00f8ytrykkslaminater i Nordmaling siden 1953. Vi er en bedrift med stor kunnskap, kapasitet og vilje! Vi streber alltid etter \u00e5 gj\u00f8re v\u00e5rt beste og \u00e5 alltid forbedre oss. Hos oss er kunden i fokus og vi brenner for \u00e5 gi alle v\u00e5re kunder best mulig service. Hos oss er [&hellip;]<\/p>\n","protected":false},"author":2,"featured_media":0,"parent":0,"menu_order":0,"comment_status":"closed","ping_status":"closed","template":"","meta":{"_acf_changed":false,"footnotes":""},"class_list":["post-3589","page","type-page","status-publish","hentry"],"acf":[],"_links":{"self":[{"href":"https:\/\/www.lamiroc.se\/no\/wp-json\/wp\/v2\/pages\/3589","targetHints":{"allow":["GET"]}}],"collection":[{"href":"https:\/\/www.lamiroc.se\/no\/wp-json\/wp\/v2\/pages"}],"about":[{"href":"https:\/\/www.lamiroc.se\/no\/wp-json\/wp\/v2\/types\/page"}],"author":[{"embeddable":true,"href":"https:\/\/www.lamiroc.se\/no\/wp-json\/wp\/v2\/users\/2"}],"replies":[{"embeddable":true,"href":"https:\/\/www.lamiroc.se\/no\/wp-json\/wp\/v2\/comments?post=3589"}],"version-history":[{"count":4,"href":"https:\/\/www.lamiroc.se\/no\/wp-json\/wp\/v2\/pages\/3589\/revisions"}],"predecessor-version":[{"id":4563,"href":"https:\/\/www.lamiroc.se\/no\/wp-json\/wp\/v2\/pages\/3589\/revisions\/4563"}],"wp:attachment":[{"href":"https:\/\/www.lamiroc.se\/no\/wp-json\/wp\/v2\/media?parent=3589"}],"curies":[{"name":"wp","href":"https:\/\/api.w.org\/{rel}","templated":true}]}}